{"id":790,"date":"2022-05-24T09:21:29","date_gmt":"2022-05-24T09:21:29","guid":{"rendered":"https:\/\/ibizavipcarsrent.com\/who-we-are\/"},"modified":"2024-05-02T09:18:35","modified_gmt":"2024-05-02T09:18:35","slug":"quienes-somos","status":"publish","type":"page","link":"https:\/\/ibizavipcarsrent.com\/es\/quienes-somos\/","title":{"rendered":"Qui\u00e9nes somos"},"content":{"rendered":"\t\t<div data-elementor-type=\"wp-page\" data-elementor-id=\"790\" class=\"elementor elementor-790 elementor-120\" data-elementor-post-type=\"page\">\n\t\t\t\t\t\t<section class=\"has_eae_slider elementor-section elementor-top-section elementor-element elementor-element-78b25baf elementor-section-height-min-height elementor-section-boxed elementor-section-height-default elementor-section-items-middle\" data-eae-slider=\"67230\" data-id=\"78b25baf\" data-element_type=\"section\" data-e-type=\"section\" data-settings=\"{&quot;background_background&quot;:&quot;classic&quot;}\">\n\t\t\t\t\t\t\t<div class=\"elementor-background-overlay\"><\/div>\n\t\t\t\t\t\t\t<div class=\"elementor-container elementor-column-gap-default\">\n\t\t\t\t\t<div class=\"has_eae_slider elementor-column elementor-col-100 elementor-top-column elementor-element elementor-element-1c8a8e4d\" data-eae-slider=\"12017\" data-id=\"1c8a8e4d\" data-element_type=\"column\" data-e-type=\"column\">\n\t\t\t<div class=\"elementor-widget-wrap elementor-element-populated\">\n\t\t\t\t\t\t<div class=\"elementor-element elementor-element-5f23a39b elementor-widget elementor-widget-heading\" data-id=\"5f23a39b\" data-element_type=\"widget\" data-e-type=\"widget\" data-widget_type=\"heading.default\">\n\t\t\t\t<div class=\"elementor-widget-container\">\n\t\t\t\t\t<h2 class=\"elementor-heading-title elementor-size-default\">SOBRE NOSOTROS<\/h2>\t\t\t\t<\/div>\n\t\t\t\t<\/div>\n\t\t\t\t\t<\/div>\n\t\t<\/div>\n\t\t\t\t\t<\/div>\n\t\t<\/section>\n\t\t\t\t<section class=\"has_eae_slider elementor-section elementor-top-section elementor-element elementor-element-d1f2483 elementor-section-boxed elementor-section-height-default elementor-section-height-default\" data-eae-slider=\"77891\" data-id=\"d1f2483\" data-element_type=\"section\" data-e-type=\"section\">\n\t\t\t\t\t\t<div class=\"elementor-container elementor-column-gap-default\">\n\t\t\t\t\t<div class=\"has_eae_slider elementor-column elementor-col-100 elementor-top-column elementor-element elementor-element-3edc3168\" data-eae-slider=\"32597\" data-id=\"3edc3168\" data-element_type=\"column\" data-e-type=\"column\">\n\t\t\t<div class=\"elementor-widget-wrap elementor-element-populated\">\n\t\t\t\t\t\t<div class=\"elementor-element elementor-element-4ba8f42 elementor-widget elementor-widget-image\" data-id=\"4ba8f42\" data-element_type=\"widget\" data-e-type=\"widget\" data-widget_type=\"image.default\">\n\t\t\t\t<div class=\"elementor-widget-container\">\n\t\t\t\t\t\t\t\t\t\t\t\t\t\t\t<img fetchpriority=\"high\" decoding=\"async\" width=\"1200\" height=\"800\" src=\"https:\/\/ibizavipcarsrent.com\/wp-content\/uploads\/2022\/06\/LAMBORGHINI_HURACAN_PERFORMANTE_21.jpg\" class=\"attachment-full size-full wp-image-1011\" alt=\"\" srcset=\"https:\/\/ibizavipcarsrent.com\/wp-content\/uploads\/2022\/06\/LAMBORGHINI_HURACAN_PERFORMANTE_21.jpg 1200w, https:\/\/ibizavipcarsrent.com\/wp-content\/uploads\/2022\/06\/LAMBORGHINI_HURACAN_PERFORMANTE_21-300x200.jpg 300w, https:\/\/ibizavipcarsrent.com\/wp-content\/uploads\/2022\/06\/LAMBORGHINI_HURACAN_PERFORMANTE_21-1024x683.jpg 1024w, https:\/\/ibizavipcarsrent.com\/wp-content\/uploads\/2022\/06\/LAMBORGHINI_HURACAN_PERFORMANTE_21-768x512.jpg 768w, https:\/\/ibizavipcarsrent.com\/wp-content\/uploads\/2022\/06\/LAMBORGHINI_HURACAN_PERFORMANTE_21-600x400.jpg 600w\" sizes=\"(max-width: 1200px) 100vw, 1200px\" \/>\t\t\t\t\t\t\t\t\t\t\t\t\t\t\t<\/div>\n\t\t\t\t<\/div>\n\t\t\t\t<div class=\"elementor-element elementor-element-35c057b1 elementor-widget elementor-widget-text-editor\" data-id=\"35c057b1\" data-element_type=\"widget\" data-e-type=\"widget\" data-widget_type=\"text-editor.default\">\n\t\t\t\t<div class=\"elementor-widget-container\">\n\t\t\t\t\t\t\t\t\t<p><span dir=\"ltr\" role=\"presentation\">En IBIZA VIP CAR RENT buscamos lograr que tu viaje a la incre\u00edble isla de IBIZA sea una experiencia \u00fanica, <\/span><span dir=\"ltr\" role=\"presentation\">desde que entregamos el auto seleccionado hasta que lo devuelven luego de su<\/span> <span dir=\"ltr\" role=\"presentation\">estad\u00eda.<\/span><\/p>\n<p><span dir=\"ltr\" role=\"presentation\">Contamos con una basta flota de veh\u00edculos con los que podr\u00e1s descubrir cualquier rinc\u00f3n de&nbsp;<\/span><span dir=\"ltr\" role=\"presentation\">Ibiza sin ning\u00fan problema.<\/span><\/p>\n<p><span dir=\"ltr\" role=\"presentation\">Nuestros agentes est\u00e1n siempre a su servicio para lograr as\u00ed su comodidad y relajaci\u00f3n&nbsp;<\/span><span dir=\"ltr\" role=\"presentation\">absoluta.&nbsp;<\/span><span style=\"font-style: inherit; font-weight: inherit; color: var( --e-global-color-text ); font-family: var( --e-global-typography-text-font-family ), Sans-serif; background-color: var(--ast-global-color-5);\">Est\u00e1 a un mensaje de cumplir sus sue\u00f1os.<\/span><\/p>\n<p><span dir=\"ltr\" role=\"presentation\">Con IBIZA VIP CAR RENT podr\u00e1s explorar Ibiza como nunca en los veh\u00edculos m\u00e1s exclusivos y lujosos. <\/span><span dir=\"ltr\" role=\"presentation\">Nuestra ampl<\/span><span dir=\"ltr\" role=\"presentation\">ia flota nos convierte en expertos en veh\u00edculos 4&#215;4 y en los deportivos m\u00e1s&nbsp;<\/span><span dir=\"ltr\" role=\"presentation\">lujosos. Tambi\u00e9n ofrecemos una amplia gama de furgonetas de lujo para satisfacer todas sus&nbsp;<\/span><span dir=\"ltr\" role=\"presentation\">necesidades de alojamiento.<\/span><\/p>\n<p><span dir=\"ltr\" role=\"presentation\">Somos una empresa local con a\u00f1os de experiencia en conse<\/span><span dir=\"ltr\" role=\"presentation\">guir el veh\u00edculo perfecto para su&nbsp;<\/span><span dir=\"ltr\" role=\"presentation\">estad\u00eda.<\/span><\/p>\n<p><span dir=\"ltr\" role=\"presentation\"><b>Alquile Veh\u00edculos de Lujo en IBIZA<\/b><\/span><\/p>\n<p><span dir=\"ltr\" role=\"presentation\">Disfruta de IBIZA con todos los lujos<\/span><\/p>\n<p><span dir=\"ltr\" role=\"presentation\">Disponemos de una flota perfecta para todas las necesidades.&nbsp;<\/span><span dir=\"ltr\" role=\"presentation\">Uno de los mejores servicios que ofrecemos es la entrega de<\/span> <span dir=\"ltr\" role=\"presentation\">nuestros veh\u00edculos en cualquier&nbsp;<\/span><span dir=\"ltr\" role=\"presentation\">punto de la isla gracias a nuestro conocimiento de Ibiza. Los servicios dedicados a nuestros&nbsp;<\/span><span dir=\"ltr\" role=\"presentation\">clientes nos permiten realizar tareas m\u00e1s exclusivas ya nuestra total discreci\u00f3n.<\/span><\/p>\n<p><span dir=\"ltr\" role=\"presentation\">En IBIZA VIP CAR RENT disponemos de los medios necesari<\/span><span dir=\"ltr\" role=\"presentation\">os para entregar y recoger su coche en Ibiza,&nbsp;<\/span><span dir=\"ltr\" role=\"presentation\">ya sea en una villa, cualquier hotel, o en el puerto y aeropuerto.<\/span><\/p>\t\t\t\t\t\t\t\t<\/div>\n\t\t\t\t<\/div>\n\t\t\t\t\t<\/div>\n\t\t<\/div>\n\t\t\t\t\t<\/div>\n\t\t<\/section>\n\t\t\t\t<\/div>\n\t\t","protected":false},"excerpt":{"rendered":"<p>SOBRE NOSOTROS En IBIZA VIP CAR RENT buscamos lograr que tu viaje a la incre\u00edble isla de IBIZA sea una experiencia \u00fanica, desde que entregamos el auto seleccionado hasta que lo devuelven luego de su estad\u00eda. Contamos con una basta flota de veh\u00edculos con los que podr\u00e1s descubrir cualquier rinc\u00f3n de&nbsp;Ibiza sin ning\u00fan problema. Nuestros [&hellip;]<\/p>\n","protected":false},"author":1,"featured_media":0,"parent":0,"menu_order":0,"comment_status":"closed","ping_status":"closed","template":"","meta":{"site-sidebar-layout":"no-sidebar","site-content-layout":"page-builder","ast-site-content-layout":"default","site-content-style":"default","site-sidebar-style":"default","ast-global-header-display":"","ast-banner-title-visibility":"","ast-main-header-display":"","ast-hfb-above-header-display":"","ast-hfb-below-header-display":"","ast-hfb-mobile-header-display":"","site-post-title":"disabled","ast-breadcrumbs-content":"","ast-featured-img":"disabled","footer-sml-layout":"","ast-disable-related-posts":"","theme-transparent-header-meta":"","adv-header-id-meta":"","stick-header-meta":"","header-above-stick-meta":"","header-main-stick-meta":"","header-below-stick-meta":"","astra-migrate-meta-layouts":"default","ast-page-background-enabled":"default","ast-page-background-meta":{"desktop":{"background-color":"var(--ast-global-color-4)","background-image":"","background-repeat":"repeat","background-position":"center center","background-size":"auto","background-attachment":"scroll","background-type":"","background-media":"","overlay-type":"","overlay-color":"","overlay-opacity":"","overlay-gradient":""},"tablet":{"background-color":"","background-image":"","background-repeat":"repeat","background-position":"center center","background-size":"auto","background-attachment":"scroll","background-type":"","background-media":"","overlay-type":"","overlay-color":"","overlay-opacity":"","overlay-gradient":""},"mobile":{"background-color":"","background-image":"","background-repeat":"repeat","background-position":"center center","background-size":"auto","background-attachment":"scroll","background-type":"","background-media":"","overlay-type":"","overlay-color":"","overlay-opacity":"","overlay-gradient":""}},"ast-content-background-meta":{"desktop":{"background-color":"var(--ast-global-color-5)","background-image":"","background-repeat":"repeat","background-position":"center center","background-size":"auto","background-attachment":"scroll","background-type":"","background-media":"","overlay-type":"","overlay-color":"","overlay-opacity":"","overlay-gradient":""},"tablet":{"background-color":"var(--ast-global-color-5)","background-image":"","background-repeat":"repeat","background-position":"center center","background-size":"auto","background-attachment":"scroll","background-type":"","background-media":"","overlay-type":"","overlay-color":"","overlay-opacity":"","overlay-gradient":""},"mobile":{"background-color":"var(--ast-global-color-5)","background-image":"","background-repeat":"repeat","background-position":"center center","background-size":"auto","background-attachment":"scroll","background-type":"","background-media":"","overlay-type":"","overlay-color":"","overlay-opacity":"","overlay-gradient":""}},"_joinchat":[],"footnotes":""},"class_list":["post-790","page","type-page","status-publish","hentry"],"_links":{"self":[{"href":"https:\/\/ibizavipcarsrent.com\/es\/wp-json\/wp\/v2\/pages\/790","targetHints":{"allow":["GET"]}}],"collection":[{"href":"https:\/\/ibizavipcarsrent.com\/es\/wp-json\/wp\/v2\/pages"}],"about":[{"href":"https:\/\/ibizavipcarsrent.com\/es\/wp-json\/wp\/v2\/types\/page"}],"author":[{"embeddable":true,"href":"https:\/\/ibizavipcarsrent.com\/es\/wp-json\/wp\/v2\/users\/1"}],"replies":[{"embeddable":true,"href":"https:\/\/ibizavipcarsrent.com\/es\/wp-json\/wp\/v2\/comments?post=790"}],"version-history":[{"count":22,"href":"https:\/\/ibizavipcarsrent.com\/es\/wp-json\/wp\/v2\/pages\/790\/revisions"}],"predecessor-version":[{"id":2563,"href":"https:\/\/ibizavipcarsrent.com\/es\/wp-json\/wp\/v2\/pages\/790\/revisions\/2563"}],"wp:attachment":[{"href":"https:\/\/ibizavipcarsrent.com\/es\/wp-json\/wp\/v2\/media?parent=790"}],"curies":[{"name":"wp","href":"https:\/\/api.w.org\/{rel}","templated":true}]}}